{"id":91383,"date":"2025-09-15T18:54:47","date_gmt":"2025-09-15T16:54:47","guid":{"rendered":"https:\/\/my-pxmedia.de\/galabau-schmidt\/?page_id=91383"},"modified":"2025-09-15T19:03:54","modified_gmt":"2025-09-15T17:03:54","slug":"impressum","status":"publish","type":"page","link":"https:\/\/my-pxmedia.de\/galabau-schmidt\/impressum\/","title":{"rendered":"Impressum"},"content":{"rendered":"<p>[et_pb_section fb_built=&#8220;1&#8243; _builder_version=&#8220;4.27.4&#8243; _module_preset=&#8220;default&#8220; global_colors_info=&#8220;{}&#8220;][et_pb_row column_structure=&#8220;1_2,1_2&#8243; _builder_version=&#8220;4.27.4&#8243; _module_preset=&#8220;default&#8220; global_colors_info=&#8220;{}&#8220;][et_pb_column type=&#8220;1_2&#8243; _builder_version=&#8220;4.27.4&#8243; _module_preset=&#8220;default&#8220; global_colors_info=&#8220;{}&#8220;][et_pb_text _builder_version=&#8220;4.27.4&#8243; _module_preset=&#8220;default&#8220; global_colors_info=&#8220;{}&#8220;]<\/p>\n<div class=\"fusion-layout-column fusion_builder_column fusion-builder-column-0 fusion_builder_column_1_1 1_1 fusion-one-full fusion-column-first fusion-column-last\">\n<div class=\"fusion-column-wrapper fusion-flex-column-wrapper-legacy\">\n<div class=\"fusion-title title fusion-title-1 fusion-sep-none fusion-title-text fusion-title-size-one\">\n<h1 class=\"fusion-title-heading title-heading-left fusion-responsive-typography-calculated\" data-fontsize=\"40\" data-lineheight=\"44px\">Impressum<\/h1>\n<\/div>\n<div class=\"fusion-title title fusion-title-2 fusion-sep-none fusion-title-text fusion-title-size-two\">\n<h2 class=\"fusion-title-heading title-heading-left fusion-responsive-typography-calculated\" data-fontsize=\"30\" data-lineheight=\"42px\">Angaben gem\u00e4\u00df \u00a7 5 TMG<\/h2>\n<\/div>\n<div class=\"fusion-clearfix\"><\/div>\n<\/div>\n<\/div>\n<div class=\"fusion-layout-column fusion_builder_column fusion-builder-column-1 fusion_builder_column_1_2 1_2 fusion-one-half fusion-column-first\">\n<div class=\"fusion-column-wrapper fusion-flex-column-wrapper-legacy\">\n<div class=\"fusion-text fusion-text-1\">\n<h3 data-fontsize=\"24\" data-lineheight=\"30px\" class=\"fusion-responsive-typography-calculated\">Kontakt:<\/h3>\n<p>Garten- und Landschaftsbau Schmidt<br \/>Steve Schmidt<br \/>Loggerweg 16<br \/>18055 Rostock<\/p>\n<p>Telefon:<span>\u00a0<\/span>0381 877 269 6<span>\u00a0<\/span>Mobil:<span>\u00a0<\/span>0176 303 491 24<br \/>E-Mail:<span>\u00a0<\/span>galabau-s.schmidt@gmx.de<\/p>\n<h3 data-fontsize=\"24\" data-lineheight=\"30px\" class=\"fusion-responsive-typography-calculated\">Streitschlichtung<\/h3>\n<p>Die Europ\u00e4ische Kommission stellt eine Plattform zur Online-Streitbeilegung (OS) bereit:\u00a0https:\/\/ec.europa.eu\/consumers\/odr.<br \/>Unsere E-Mail-Adresse finden Sie oben im Impressum.<\/p>\n<p>Wir sind nicht bereit oder verpflichtet, an Streitbeilegungsverfahren vor einer Verbraucherschlichtungsstelle teilzunehmen.<\/p>\n<\/div>\n<\/div>\n<\/div>\n<p>[\/et_pb_text][\/et_pb_column][et_pb_column type=&#8220;1_2&#8243; _builder_version=&#8220;4.27.4&#8243; _module_preset=&#8220;default&#8220; global_colors_info=&#8220;{}&#8220;][et_pb_text _builder_version=&#8220;4.27.4&#8243; _module_preset=&#8220;default&#8220; global_colors_info=&#8220;{}&#8220;]<\/p>\n<div class=\"fusion-text fusion-text-2\">\n<h3 data-fontsize=\"24\" data-lineheight=\"30px\" class=\"fusion-responsive-typography-calculated\">Design &amp; Realisierung<\/h3>\n<\/div>\n<div class=\"fusion-text fusion-text-3\"><img loading=\"lazy\" decoding=\"async\" width=\"734\" height=\"234\" src=\"https:\/\/my-pxmedia.de\/galabau-schmidt\/wp-content\/uploads\/2025\/09\/pxmedia_logo_schwarz.png\" alt=\"pxMEDIA Logo\" class=\"wp-image-91389 alignnone size-full\" style=\"max-width: 300px; height: auto;\" srcset=\"https:\/\/my-pxmedia.de\/galabau-schmidt\/wp-content\/uploads\/2025\/09\/pxmedia_logo_schwarz.png 734w, https:\/\/my-pxmedia.de\/galabau-schmidt\/wp-content\/uploads\/2025\/09\/pxmedia_logo_schwarz-480x153.png 480w\" sizes=\"(min-width: 0px) and (max-width: 480px) 480px, (min-width: 481px) 734px, 100vw\" \/><\/div>\n<div class=\"fusion-text fusion-text-3\"><\/div>\n<div class=\"fusion-sep-clear\"><\/div>\n<div class=\"fusion-separator fusion-full-width-sep\"><\/div>\n<div class=\"fusion-sep-clear\"><\/div>\n<div class=\"fusion-sep-clear\"><\/div>\n<div class=\"fusion-text fusion-text-4\">\n<p>Tannenweg 22m<br \/>18059 Rostock<br \/>(im Speicher 1)<br \/>Telefon: 0381 33 70<\/p>\n<p>&nbsp;<\/p>\n<\/div>\n<p>[\/et_pb_text][\/et_pb_column][\/et_pb_row][et_pb_row _builder_version=&#8220;4.27.4&#8243; _module_preset=&#8220;default&#8220; global_colors_info=&#8220;{}&#8220;][et_pb_column type=&#8220;4_4&#8243; _builder_version=&#8220;4.27.4&#8243; _module_preset=&#8220;default&#8220; global_colors_info=&#8220;{}&#8220;][et_pb_text _builder_version=&#8220;4.27.4&#8243; _module_preset=&#8220;default&#8220; max_width=&#8220;1500px&#8220; global_colors_info=&#8220;{}&#8220;]<\/p>\n<div class=\"fusion-layout-column fusion_builder_column fusion-builder-column-3 fusion_builder_column_1_1 1_1 fusion-one-full fusion-column-first fusion-column-last\">\n<div class=\"fusion-column-wrapper fusion-flex-column-wrapper-legacy\">\n<div class=\"fusion-title title fusion-title-3 fusion-sep-none fusion-title-text fusion-title-size-two\">\n<h2 class=\"fusion-title-heading title-heading-left fusion-responsive-typography-calculated\" data-fontsize=\"30\" data-lineheight=\"42px\">Haftungsausschluss (Disclaimer)<\/h2>\n<\/div>\n<div class=\"fusion-clearfix\"><\/div>\n<\/div>\n<\/div>\n<div class=\"fusion-layout-column fusion_builder_column fusion-builder-column-4 fusion_builder_column_1_1 1_1 fusion-one-full fusion-column-first fusion-column-last\">\n<div class=\"fusion-column-wrapper fusion-flex-column-wrapper-legacy\">\n<div class=\"fusion-text fusion-text-5\">\n<h3 data-fontsize=\"24\" data-lineheight=\"30px\" class=\"fusion-responsive-typography-calculated\">Haftung f\u00fcr Inhalte<\/h3>\n<p>Als Diensteanbieter sind wir gem\u00e4\u00df \u00a7 7 Abs.1 TMG f\u00fcr eigene Inhalte auf diesen Seiten nach den allgemeinen Gesetzen verantwortlich. Nach \u00a7\u00a7 8 bis 10 TMG sind wir als Diensteanbieter jedoch nicht verpflichtet, \u00fcbermittelte oder gespeicherte fremde Informationen zu \u00fcberwachen oder nach Umst\u00e4nden zu forschen, die auf eine rechtswidrige T\u00e4tigkeit hinweisen.<\/p>\n<p>Verpflichtungen zur Entfernung oder Sperrung der Nutzung von Informationen nach den allgemeinen Gesetzen bleiben hiervon unber\u00fchrt. Eine diesbez\u00fcgliche Haftung ist jedoch erst ab dem Zeitpunkt der Kenntnis einer konkreten Rechtsverletzung m\u00f6glich. Bei Bekanntwerden von entsprechenden Rechtsverletzungen werden wir diese Inhalte umgehend entfernen.<\/p>\n<h3 data-fontsize=\"24\" data-lineheight=\"30px\" class=\"fusion-responsive-typography-calculated\">Haftung f\u00fcr Links<\/h3>\n<p>Unser Angebot enth\u00e4lt Links zu externen Websites Dritter, auf deren Inhalte wir keinen Einfluss haben. Deshalb k\u00f6nnen wir f\u00fcr diese fremden Inhalte auch keine Gew\u00e4hr \u00fcbernehmen. F\u00fcr die Inhalte der verlinkten Seiten ist stets der jeweilige Anbieter oder Betreiber der Seiten verantwortlich. Die verlinkten Seiten wurden zum Zeitpunkt der Verlinkung auf m\u00f6gliche Rechtsverst\u00f6\u00dfe \u00fcberpr\u00fcft. Rechtswidrige Inhalte waren zum Zeitpunkt der Verlinkung nicht erkennbar.<\/p>\n<p>Eine permanente inhaltliche Kontrolle der verlinkten Seiten ist jedoch ohne konkrete Anhaltspunkte einer Rechtsverletzung nicht zumutbar. Bei Bekanntwerden von Rechtsverletzungen werden wir derartige Links umgehend entfernen.<\/p>\n<h3 data-fontsize=\"24\" data-lineheight=\"30px\" class=\"fusion-responsive-typography-calculated\">Urheberrecht<\/h3>\n<p>Die durch die Seitenbetreiber erstellten Inhalte und Werke auf diesen Seiten unterliegen dem deutschen Urheberrecht. Die Vervielf\u00e4ltigung, Bearbeitung, Verbreitung und jede Art der Verwertung au\u00dferhalb der Grenzen des Urheberrechtes bed\u00fcrfen der schriftlichen Zustimmung des jeweiligen Autors bzw. Erstellers. Downloads und Kopien dieser Seite sind nur f\u00fcr den privaten, nicht kommerziellen Gebrauch gestattet.<\/p>\n<p>Soweit die Inhalte auf dieser Seite nicht vom Betreiber erstellt wurden, werden die Urheberrechte Dritter beachtet. Insbesondere werden Inhalte Dritter als solche gekennzeichnet. Sollten Sie trotzdem auf eine Urheberrechtsverletzung aufmerksam werden, bitten wir um einen entsprechenden Hinweis. Bei Bekanntwerden von Rechtsverletzungen werden wir derartige Inhalte umgehend entfernen.<\/p>\n<\/div>\n<\/div>\n<\/div>\n<p>[\/et_pb_text][\/et_pb_column][\/et_pb_row][\/et_pb_section]<\/p>\n","protected":false},"excerpt":{"rendered":"<p>Impressum Angaben gem\u00e4\u00df \u00a7 5 TMG Kontakt: Garten- und Landschaftsbau SchmidtSteve SchmidtLoggerweg 1618055 Rostock Telefon:\u00a00381 877 269 6\u00a0Mobil:\u00a00176 303 491 24E-Mail:\u00a0galabau-s.schmidt@gmx.de Streitschlichtung Die Europ\u00e4ische Kommission stellt eine Plattform zur Online-Streitbeilegung (OS) bereit:\u00a0https:\/\/ec.europa.eu\/consumers\/odr.Unsere E-Mail-Adresse finden Sie oben im Impressum. Wir sind nicht bereit oder verpflichtet, an Streitbeilegungsverfahren vor einer Verbraucherschlichtungsstelle teilzunehmen. Design &amp; Realisierung Tannenweg 22m18059 [&hellip;]<\/p>\n","protected":false},"author":1,"featured_media":0,"parent":0,"menu_order":0,"comment_status":"closed","ping_status":"closed","template":"","meta":{"_et_pb_use_builder":"on","_et_pb_old_content":"","_et_gb_content_width":"","footnotes":""},"class_list":["post-91383","page","type-page","status-publish","hentry"],"_links":{"self":[{"href":"https:\/\/my-pxmedia.de\/galabau-schmidt\/wp-json\/wp\/v2\/pages\/91383","targetHints":{"allow":["GET"]}}],"collection":[{"href":"https:\/\/my-pxmedia.de\/galabau-schmidt\/wp-json\/wp\/v2\/pages"}],"about":[{"href":"https:\/\/my-pxmedia.de\/galabau-schmidt\/wp-json\/wp\/v2\/types\/page"}],"author":[{"embeddable":true,"href":"https:\/\/my-pxmedia.de\/galabau-schmidt\/wp-json\/wp\/v2\/users\/1"}],"replies":[{"embeddable":true,"href":"https:\/\/my-pxmedia.de\/galabau-schmidt\/wp-json\/wp\/v2\/comments?post=91383"}],"version-history":[{"count":5,"href":"https:\/\/my-pxmedia.de\/galabau-schmidt\/wp-json\/wp\/v2\/pages\/91383\/revisions"}],"predecessor-version":[{"id":91391,"href":"https:\/\/my-pxmedia.de\/galabau-schmidt\/wp-json\/wp\/v2\/pages\/91383\/revisions\/91391"}],"wp:attachment":[{"href":"https:\/\/my-pxmedia.de\/galabau-schmidt\/wp-json\/wp\/v2\/media?parent=91383"}],"curies":[{"name":"wp","href":"https:\/\/api.w.org\/{rel}","templated":true}]}}