{"id":320,"date":"2022-06-28T12:07:37","date_gmt":"2022-06-28T10:07:37","guid":{"rendered":"https:\/\/my-pxmedia.de\/hafen-restaurant\/?page_id=320"},"modified":"2022-11-02T16:10:51","modified_gmt":"2022-11-02T15:10:51","slug":"gutscheine","status":"publish","type":"page","link":"https:\/\/my-pxmedia.de\/hafen-restaurant\/gutscheine\/","title":{"rendered":"GUTSCHEINE"},"content":{"rendered":"<div class=\"wpb-content-wrapper\">[vc_row full_width=\"stretch_row\" content_placement=\"top\" equal_height=\"yes\" css=\".vc_custom_1658996757692{background-image: url(https:\/\/my-pxmedia.de\/hafen-restaurant\/wp-content\/uploads\/2022\/07\/MEERLE-Gutschein-Header-1.jpg?id=914) !important;background-position: center !important;background-repeat: no-repeat !important;background-size: cover !important;}\" el_id=\"Banner_Row\" min_height=\"70vh\"][vc_column][\/vc_column][\/vc_row][vc_row full_width=\"stretch_row\" content_placement=\"top\" equal_height=\"yes\" css=\".vc_custom_1656328975491{background-position: center !important;background-repeat: no-repeat !important;background-size: cover !important;}\" el_id=\"Banner_Bottom_Row\"][vc_column][vc_single_image image=\"186\" el_class=\"banner_arrow_img\"][\/vc_column][\/vc_row][vc_row full_width=\"stretch_row\" content_placement=\"top\" equal_height=\"yes\" css=\".vc_custom_1657528028824{background-image: url(https:\/\/my-pxmedia.de\/hafen-restaurant\/wp-content\/uploads\/2022\/07\/Path-349_edited.png?id=511) !important;}\" el_class=\"bottom_curve\"][vc_column][vc_column_text el_class=\"font_blue text-center\"]\n<h1>SCH\u00d6NE MOMENTE SCHENKEN<\/h1>\n[\/vc_column_text]<style>.vcex-heading.vcex_69dbf145ded9c{font-family:Roboto, sans-serif;font-weight:300;}<\/style><h3 class=\"vcex-heading vcex-heading-plain vcex-module wpex-heading wpex-text-2xl text-center font_blue font_120 sub_heading vcex_69dbf145ded9c\"><span class=\"vcex-heading-inner wpex-inline-block\">mit unseren Gutscheinen<\/span><\/h3>[\/vc_column][\/vc_row][vc_row full_width=\"stretch_row_content_no_spaces\" content_placement=\"middle\" el_class=\"set_RL_10Padding set_TB_XLMargin curve_sibling_top\"][vc_column width=\"1\/2\" el_class=\"pr-md-5\"]<h4 class=\"vcex-heading vcex-heading-plain vcex-module wpex-heading wpex-text-2xl font_blue\"><span class=\"vcex-heading-inner wpex-inline-block\">Demn\u00e4chst bei uns im Shop erh\u00e4ltlich<\/span><\/h4>[vc_column_text el_class=\"font_blue mt-4\"]Bald ist es m\u00f6glich, Erlebnisse in Form von Gutscheinen bei uns im Shop zu erwerben.[\/vc_column_text][\/vc_column][vc_column width=\"1\/2\" el_class=\"pl-md-5\"][vc_single_image image=\"633\" el_class=\"transform_120\"]<a href=\"https:\/\/my-pxmedia.de\/hafen-restaurant\/product\/gutschein-online\/\" class=\"vcex-button theme-button inline button_red font_white font_90 kaufen_btn hidden\"><span class=\"vcex-button-inner theme-button-inner wpex-flex wpex-flex-wrap wpex-items-center wpex-justify-center\">JETZT KAUFEN<\/span><\/a> [\/vc_column][\/vc_row][vc_row full_width=\"stretch_row_content_no_spaces\" content_placement=\"top\" css=\".vc_custom_1666620076444{background-image: url(https:\/\/my-pxmedia.de\/hafen-restaurant\/wp-content\/uploads\/2022\/07\/MEERLE-Gutschein-Wein.png?id=911) !important;background-position: center !important;background-repeat: no-repeat !important;background-size: cover !important;}\" el_class=\"set_RL_10Padding mt-md-5\" min_height=\"70vh\" el_id=\"gutschein_burger_row\" visibility=\"hidden\"][vc_column]<style>.vcex-heading.vcex_69dbf145e1220{font-family:Baskerville, sans-serif;}<\/style><h3 class=\"vcex-heading vcex-heading-plain vcex-module wpex-heading wpex-text-2xl text-left font_white set_T_Special_Margin vcex_69dbf145e1220\"><span class=\"vcex-heading-inner wpex-inline-block\">ERWERBEN SIE JETZT IHREN GUTSCHEIN<\/span><\/h3>[vc_column_text el_class=\"font_white font_120\"]Bei uns im Restaurant[\/vc_column_text][vc_raw_html el_class=\"font_white mt-4 mt-md-5\"]JTNDZGl2JTIwY2xhc3MlM0QlMjdjdXN0b21fa29udGFrdF9pY29ucyUyNyUzRSUwQSUzQ2ElMjBjbGFzcyUzRCUyN2QtYmxvY2slMjB0ZWxlZm9uX2FuY2hvciUyNyUyMGhyZWYlM0QlMjd0ZWwlM0EwMzgxJTIwNTEwJTIwOTklMjA0NCUyNyUzRSUwQSUyMCUyMCUyMCUyMDAzODElMjA1MTAlMjA5OSUyMDQ0JTBBJTNDJTJGYSUzRSUwQSUzQ2ElMjBjbGFzcyUzRCUyN2QtYmxvY2slMjBlbWFpbF9hbmNob3IlMjclMjBocmVmJTNEJTI3bWFpbHRvJTNBaW5mbyU0MGRhc2hhZmVucmVzdGF1cmFudC5kZSUyNyUzRSUwQSUyMCUyMCUyMCUyMGluZm8lNDBkYXNoYWZlbnJlc3RhdXJhbnQuZGUlMEElM0MlMkZhJTNFJTBBJTNDJTJGZGl2JTNF[\/vc_raw_html][\/vc_column][\/vc_row][vc_row full_width=\"stretch_row_content_no_spaces\" content_placement=\"top\" el_class=\"set_RL_10Padding mt-5\" visibility=\"hidden\"][vc_column css=\".vc_custom_1657613973618{background-position: center !important;background-repeat: no-repeat !important;background-size: cover !important;}\" el_class=\"fullwidth_image_column\"][vc_row_inner el_class=\"top_curve_gutschein\" css=\".vc_custom_1657611514887{background-image: url(https:\/\/my-pxmedia.de\/hafen-restaurant\/wp-content\/uploads\/2022\/07\/Path-5333.png?id=506) !important;}\"][vc_column_inner el_class=\"pr-md-5\" width=\"1\/2\"][vc_single_image image=\"186\" el_class=\"mobile_bird_curve big_screen_hide\"][vc_column_text el_class=\"font_blue\"]\n<h4>Setzen Sie Kurs auf<br \/>\n<span class=\"font_red\">Das<\/span> Hafenrestaurant in Warnem\u00fcnde<\/h4>\n[\/vc_column_text][vc_column_text el_class=\"font_blue mt-4\"]Sch\u00f6ne und einzigartige Momente f\u00fcr Sie zu schaffen - daf\u00fcr lieben wir unsere Arbeit. Genie\u00dfen Sie eine unverwechselbare K\u00fcche in einem liebevollem Ambiente mit wundersch\u00f6ner Aussicht auf Warnem\u00fcndes alten Strom.[\/vc_column_text][vc_raw_html el_class=\"font_blue font_90 mt-5 mb-5 mb-md-5\"]JTIwJTIwJTIwJTIwJTNDZGl2JTIwY2xhc3MlM0QlMjJkLWZsZXglMjBmbGV4LXJvdyUyMGZsZXgtcmV2ZXJzZSUyMiUzRSUwQSUyMCUyMCUyMCUyMCUyMCUyMCUyMCUyMCUzQ2RpdiUyMGNsYXNzJTNEJTIycHItMyUyMHctNTAlMjIlM0UlMEElMjAlMjAlMjAlMjAlMjAlMjAlMjAlMjAlMjAlMjAlMjAlMjAlM0NwJTIwY2xhc3MlM0QlMjdmb250LWJhc2tlcnZpbGxlJTIwZm9udC13ZWlnaHQtYm9sZCUyNyUzRSUwQSUyMCUyMCUyMCUyMCUyMCUyMCUyMCUyMCUyMCUyMCUyMCUyMCUyMCUyMCUyMCUyME1FRVJMRSUyMC0lMjBEYXMlMjBIYWZlbnJlc3RhdXJhbnQlMEElMjAlMjAlMjAlMjAlMjAlMjAlMjAlMjAlMjAlMjAlMjAlMjAlM0MlMkZwJTNFJTBBJTIwJTIwJTIwJTIwJTIwJTIwJTIwJTIwJTIwJTIwJTIwJTIwJTNDcCUyMGNsYXNzJTNEJTIybXQtMyUyMiUzRSUwQSUyMCUyMCUyMCUyMCUyMCUyMCUyMCUyMCUyMCUyMCUyMCUyMCUyMCUyMCUyMCUyMEFtJTIwQmFobmhvZiUyMDFiJTIwJTdDJTIwMTgxMTklMjBSb3N0b2NrJTIwLSUyMFdhcm5lbSVDMyVCQ25kZSUwQSUyMCUyMCUyMCUyMCUyMCUyMCUyMCUyMCUyMCUyMCUyMCUyMCUzQyUyRnAlM0UlMEElMjAlMjAlMjAlMjAlMjAlMjAlMjAlMjAlM0MlMkZkaXYlM0UlMEElMjAlMjAlMjAlMjAlMjAlMjAlMjAlMjAlM0NkaXYlMjBjbGFzcyUzRCUyMnB4LW1kLTMlMjB3LTUwJTIyJTNFJTBBJTIwJTIwJTIwJTIwJTIwJTIwJTIwJTIwJTIwJTIwJTIwJTIwJTNDcCUyMGNsYXNzJTNEJTI3Zm9udC1iYXNrZXJ2aWxsZSUyMGZvbnQtd2VpZ2h0LWJvbGQlMjclM0UlMEElMjAlMjAlMjAlMjAlMjAlMjAlMjAlMjAlMjAlMjAlMjAlMjAlMjAlMjAlMjAlMjAlM0NiJTNFJUMzJTk2ZmZudW5nc3plaXRlbiUzQyUyRmIlM0UlMEElMjAlMjAlMjAlMjAlMjAlMjAlMjAlMjAlMjAlMjAlMjAlMjAlM0MlMkZwJTNFJTBBJTIwJTIwJTIwJTIwJTIwJTIwJTIwJTIwJTIwJTIwJTIwJTIwJTNDcCUyMGNsYXNzJTNEJTIybXQtMyUyMiUzRSUwQSUyMCUyMCUyMCUyMCUyMCUyMCUyMCUyMCUyMCUyMCUyMCUyMCUyMCUyMCUyMCUyMFQlQzMlQTRnbGljaCUyMHZvbiUyMDEyLjAwJTIwVWhyJTIwYmlzJTIwMjEuMDAlMjBVaHIlMEElMjAlMjAlMjAlMjAlMjAlMjAlMjAlMjAlMjAlMjAlMjAlMjAlM0MlMkZwJTNFJTBBJTIwJTIwJTIwJTIwJTIwJTIwJTIwJTIwJTNDJTJGZGl2JTNFJTBBJTIwJTIwJTIwJTIwJTNDJTJGZGl2JTNF[\/vc_raw_html][vc_raw_html el_class=\"font_blue font_90 mt-4 small_screen_hide\"]JTIwJTIwJTIwJTIwJTNDZGl2JTIwY2xhc3MlM0QlMjdmb250LWJhc2tlcnZpbGxlJTIwZm9udC13ZWlnaHQtYm9sZCUyNyUzRSUwQSUyMCUyMCUyMCUyMCUyMCUyMCUyMCUyMFBhcmttJUMzJUI2Z2xpY2hrZWl0ZW4lMEElMjAlMjAlMjAlMjAlM0MlMkZkaXYlM0UlMEElMjAlMjAlMjAlMjAlM0NkaXYlMjBjbGFzcyUzRCUyMmQtZmxleCUyMGZsZXgtcm93JTIyJTNFJTBBJTIwJTIwJTIwJTIwJTIwJTIwJTIwJTIwJTNDZGl2JTIwY2xhc3MlM0QlMjJwci0zJTIwbXQtMyUyMHctNTAlMjIlM0UlMEElMjAlMjAlMjAlMjAlMjAlMjAlMjAlMjAlMjAlMjAlMjAlMjAlM0NwJTNFJTBBJTIwJTIwJTIwJTIwJTIwJTIwJTIwJTIwJTIwJTIwJTIwJTIwJTIwJTIwJTIwJTIwUGFya3BsYXR6JTIwU2NhbmRsaW5lcyUyMFN0YW5kc3B1ciUyMCUzQyUyRmJyJTNFJTBBJTIwJTIwJTIwJTIwJTIwJTIwJTIwJTIwJTIwJTIwJTIwJTIwJTIwJTIwJTIwJTIwQW0lMjBCYWhuaG9mJTIwMSUyMCU3QyUyMDE4MTE5JTIwUm9zdG9jayUwQSUyMCUyMCUyMCUyMCUyMCUyMCUyMCUyMCUyMCUyMCUyMCUyMCUzQyUyRnAlM0UlMEElMjAlMjAlMjAlMjAlMjAlMjAlMjAlMjAlMjAlMjAlMjAlMjAlM0NwJTIwY2xhc3MlM0QlMjJtdC0zJTIyJTNFJTBBJTIwJTIwJTIwJTIwJTIwJTIwJTIwJTIwJTIwJTIwJTIwJTIwJTIwJTIwJTIwJTIwV0lSTyUyMFBhcmtwbGF0eiUyMGFtJTIwQmFobmhvZiUyMFdhcm5lbSVDMyVCQ25kZSUyMCUzQyUyRmJyJTNFJTBBJTIwJTIwJTIwJTIwJTIwJTIwJTIwJTIwJTIwJTIwJTIwJTIwJTIwJTIwJTIwJTIwQW0lMjBCYWhuaG9mJTIwNSUyMCU3QyUyMDE4MTE5JTIwUm9zdG9jayUwQSUyMCUyMCUyMCUyMCUyMCUyMCUyMCUyMCUyMCUyMCUyMCUyMCUzQyUyRnAlM0UlMEElMjAlMjAlMjAlMjAlMjAlMjAlMjAlMjAlM0MlMkZkaXYlM0UlMEElMjAlMjAlMjAlMjAlMjAlMjAlMjAlMjAlM0NkaXYlMjBjbGFzcyUzRCUyMnB4LTMlMjBtdC0zJTIwdy01MCUyMiUzRSUwQSUyMCUyMCUyMCUyMCUyMCUyMCUyMCUyMCUyMCUyMCUyMCUyMCUzQ3AlM0UlMEElMjAlMjAlMjAlMjAlMjAlMjAlMjAlMjAlMjAlMjAlMjAlMjAlMjAlMjAlMjAlMjBXSVJPJTIwUGFya3BsYXR6JTIwTWl0dGVsbW9sZSUyMCUzQyUyRmJyJTNFJTBBJTIwJTIwJTIwJTIwJTIwJTIwJTIwJTIwJTIwJTIwJTIwJTIwJTIwJTIwJTIwJTIwQW0lMjBCYWhuaG9mJTIwJTdDJTIwMTgxMTklMjBSb3N0b2NrJTBBJTIwJTIwJTIwJTIwJTIwJTIwJTIwJTIwJTIwJTIwJTIwJTIwJTNDJTJGcCUzRSUwQSUyMCUyMCUyMCUyMCUyMCUyMCUyMCUyMCUyMCUyMCUyMCUyMCUzQ3AlMjBjbGFzcyUzRCUyMm10LTMlMjIlM0UlMEElMjAlMjAlMjAlMjAlMjAlMjAlMjAlMjAlMjAlMjAlMjAlMjAlMjAlMjAlMjAlMjBXSVJPJTIwUGFya3BsYXR6JTIwQW4lMjBkZXIlMjBGJUMzJUE0aHJlJTIwLSUyMFA0JTIwJTNDJTJGYnIlM0UlMEElMjAlMjAlMjAlMjAlMjAlMjAlMjAlMjAlMjAlMjAlMjAlMjAlMjAlMjAlMjAlMjBBbSUyMFBhc3NhZ2llcmthaSUyMDMlMjAlN0MlMjAxODExOSUyMFJvc3RvY2slMEElMjAlMjAlMjAlMjAlMjAlMjAlMjAlMjAlMjAlMjAlMjAlMjAlM0MlMkZwJTNFJTBBJTIwJTIwJTIwJTIwJTIwJTIwJTIwJTIwJTNDJTJGZGl2JTNFJTBBJTIwJTIwJTIwJTIwJTNDJTJGZGl2JTNF[\/vc_raw_html][vc_raw_html el_class=\"mt-5 small_screen_hide\"]JTNDZGl2JTIwY2xhc3MlM0QlMjdkLWZsZXglMjBqdXN0aWZ5LWNvbnRlbnQtYmV0d2VlbiUyNyUzRSUwQSUyMCUyMCUyMCUzQ2ElMjBocmVmJTNEJTIyaHR0cHMlM0ElMkYlMkZnb28uZ2wlMkZtYXBzJTJGVVhxNnNKTllEcThINmJSZzklMjIlMjBjbGFzcyUzRCUyMnctNTAlMjB2Y2V4LWJ1dHRvbiUyMHRoZW1lLWJ1dHRvbiUyMGlubGluZSUyMGJ1dHRvbl9ibHVlJTIwZm9udF93aGl0ZSUyMG1yLTMlMjIlM0UlMEElMjAlMjAlMjAlMjAlMjAlMjAlMjAlM0NzcGFuJTIwY2xhc3MlM0QlMjJ0aGVtZS1idXR0b24taW5uZXIlMjIlM0VST1VURSUyMEFOWkVJR0VOJTNDJTJGc3BhbiUzRSUwQSUyMCUyMCUyMCUzQyUyRmElM0UlMEElMjAlMjAlMjAlM0NhJTIwaHJlZiUzRCUyMmh0dHBzJTNBJTJGJTJGbXkucHhtZWRpYS5kZSUyRmhhZmVuLXJlc3RhdXJhbnQlMkZzcGllc2VrYXJ0ZSUyRiUyMiUyMGNsYXNzJTNEJTIydy01MCUyMHZjZXgtYnV0dG9uJTIwdGhlbWUtYnV0dG9uJTIwaW5saW5lJTIwYnV0dG9uX3JlZCUyMGZvbnRfd2hpdGUlMjBtbC0zJTIyJTNFJTBBJTIwJTIwJTIwJTIwJTIwJTIwJTIwJTNDc3BhbiUyMGNsYXNzJTNEJTIydGhlbWUtYnV0dG9uLWlubmVyJTIyJTNFWlVSJTIwU1BFSVNFS0FSVEUlM0MlMkZzcGFuJTNFJTBBJTIwJTIwJTIwJTNDJTJGYSUzRSUwQSUzQyUyRmRpdiUzRQ==[\/vc_raw_html][\/vc_column_inner][vc_column_inner el_class=\"flex_column\" width=\"1\/2\"][vc_raw_html]JTVCcHV0X3dwZ20lMjBpZCUzRDElNUQ=[\/vc_raw_html][vc_single_image image=\"186\" el_class=\"center_arrow_img\"]<style>.vcex-toggle.vcex_69dbf145e1714 .vcex-toggle__icon{color:#ffffff;}.vcex-toggle.vcex_69dbf145e1714 .vcex-toggle__trigger{color:#304269;}.vcex-toggle.vcex_69dbf145e1714 .vcex-toggle__trigger:hover{color:#304269;}<\/style><div class=\"vcex-toggle vcex-module big_screen_hide font_blue my-4 vcex_69dbf145e1714\" data-animate=\"true\" data-duration=\"300\"><div class=\"vcex-toggle__heading\"><a href=\"#parkmglichkeiten\" class=\"vcex-toggle__trigger wpex-flex wpex-items-center wpex-transition-colors wpex-flex-row-reverse\" aria-expanded=\"false\" aria-controls=\"parkmglichkeiten\"><div class=\"vcex-toggle__icon wpex-flex wpex-items-center wpex-justify-center wpex-ml-10\" aria-hidden=\"true\"><div class=\"vcex-toggle__icon-open wpex-flex wpex-flex-col wpex-items-center\"><svg xmlns=\"http:\/\/www.w3.org\/2000\/svg\" height=\"1.5em\" viewBox=\"0 0 24 24\" width=\"1.5em\" fill=\"currentColor\"><path d=\"M0 0h24v24H0V0z\" fill=\"none\"\/><path d=\"M24 24H0V0h24v24z\" fill=\"none\" opacity=\".87\"\/><path d=\"M16.59 8.59L12 13.17 7.41 8.59 6 10l6 6 6-6-1.41-1.41z\"\/><\/svg><\/div><div class=\"vcex-toggle__icon-close wpex-flex wpex-flex-col wpex-items-center\"><svg xmlns=\"http:\/\/www.w3.org\/2000\/svg\" height=\"1.5em\" viewBox=\"0 0 24 24\" width=\"1.5em\" fill=\"currentColor\" class=\"vcex-toggle__icon-close\"><path d=\"M0 0h24v24H0V0z\" fill=\"none\"\/><path d=\"M12 8l-6 6 1.41 1.41L12 10.83l4.59 4.58L18 14l-6-6z\"\/><\/svg><\/div><\/div><div class=\"vcex-toggle__title wpex-mr-auto\">PARKM\u00d6GLICHKEITEN<\/div><\/a><\/div><div id=\"parkmglichkeiten\" class=\"vcex-toggle__content wpex-last-mb-0 wpex-my-10 wpex-clr\"><div class=\"d-flex flex-column\">\n<div class=\"mt-3 w-100\">\n<p>Parkplatz Scandlines Standspur<br \/>\nAm Bahnhof 1 | 18119 Rostock<\/p>\n<p class=\"mt-3\">WIRO Parkplatz am Bahnhof Warnem\u00fcnde<br \/>\nAm Bahnhof 5 | 18119 Rostock<\/p>\n<\/div>\n<div class=\"mt-3 w-100\">\n<p>WIRO Parkplatz Mittelmole<br \/>\nAm Bahnhof | 18119 Rostock<\/p>\n<p class=\"mt-3\">WIRO Parkplatz An der F\u00e4hre - P4<br \/>\nAm Passagierkai 3 | 18119 Rostock<\/p>\n<\/div>\n<\/div>\n<\/div><\/div>[vc_raw_html el_class=\"mt-3 mt-md-5 big_screen_hide\"]JTNDZGl2JTIwY2xhc3MlM0QlMjdkLWZsZXglMjBqdXN0aWZ5LWNvbnRlbnQtYmV0d2VlbiUyNyUzRSUwQSUyMCUyMCUyMCUzQ2ElMjBocmVmJTNEJTIyaHR0cHMlM0ElMkYlMkZnb28uZ2wlMkZtYXBzJTJGVVhxNnNKTllEcThINmJSZzklMjIlMjBjbGFzcyUzRCUyMnctNTAlMjB2Y2V4LWJ1dHRvbiUyMHRoZW1lLWJ1dHRvbiUyMGd1dHNjaGVpbl9idXR0b24lMjBpbmxpbmUlMjBidXR0b25fYmx1ZSUyMGZvbnRfd2hpdGUlMjBtbC0zJTIyJTNFJTBBJTIwJTIwJTIwJTIwJTIwJTIwJTIwJTNDc3BhbiUyMGNsYXNzJTNEJTIydGhlbWUtYnV0dG9uLWlubmVyJTIyJTNFUk9VVEUlMjBBTlpFSUdFTiUzQyUyRnNwYW4lM0UlMEElMjAlMjAlMjAlM0MlMkZhJTNFJTBBJTIwJTIwJTIwJTNDYSUyMGhyZWYlM0QlMjJodHRwcyUzQSUyRiUyRm15LnB4bWVkaWEuZGUlMkZoYWZlbi1yZXN0YXVyYW50JTJGc3BpZXNla2FydGUlMkYlMjIlMjBjbGFzcyUzRCUyMnctNTAlMjB2Y2V4LWJ1dHRvbiUyMHRoZW1lLWJ1dHRvbiUyMGd1dHNjaGVpbl9idXR0b24lMjBpbmxpbmUlMjBidXR0b25fcmVkJTIwZm9udF93aGl0ZSUyMG1yLTMlMjIlM0UlMEElMjAlMjAlMjAlMjAlMjAlMjAlMjAlM0NzcGFuJTIwY2xhc3MlM0QlMjJ0aGVtZS1idXR0b24taW5uZXIlMjIlM0VaVVIlMjBTUEVJU0VLQVJURSUzQyUyRnNwYW4lM0UlMEElMjAlMjAlMjAlM0MlMkZhJTNFJTBBJTNDJTJGZGl2JTNF[\/vc_raw_html][\/vc_column_inner][\/vc_row_inner][\/vc_column][vc_column css=\".vc_custom_1658489193709{background-position: center !important;background-repeat: no-repeat !important;background-size: cover !important;}\" el_class=\"set_negative_MTop_50\"][vc_single_image image=\"912\" el_class=\"center_image_end\"][\/vc_column][\/vc_row]\n<\/div>","protected":false},"excerpt":{"rendered":"<p>[vc_row full_width=\"stretch_row\" content_placement=\"top\" equal_height=\"yes\" css=\".vc_custom_1658996757692{background-image: url(https:\/\/my-pxmedia.de\/hafen-restaurant\/wp-content\/uploads\/2022\/07\/MEERLE-Gutschein-Header-1.jpg?id=914) !important;background-position: center !important;background-repeat: no-repeat !important;background-size: cover !important;}\" el_id=\"Banner_Row\" min_height=\"70vh\"][vc_column][\/vc_column][\/vc_row][vc_row full_width=\"stretch_row\" content_placement=\"top\" equal_height=\"yes\" css=\".vc_custom_1656328975491{background-position: center !important;background-repeat: no-repeat !important;background-size: cover !important;}\" el_id=\"Banner_Bottom_Row\"][vc_column][vc_single_image image=\"186\" el_class=\"banner_arrow_img\"][\/vc_column][\/vc_row][vc_row full_width=\"stretch_row\" content_placement=\"top\" equal_height=\"yes\" css=\".vc_custom_1657528028824{background-image: url(https:\/\/my-pxmedia.de\/hafen-restaurant\/wp-content\/uploads\/2022\/07\/Path-349_edited.png?id=511) !important;}\" el_class=\"bottom_curve\"][vc_column][vc_column_text el_class=\"font_blue text-center\"] SCH\u00d6NE MOMENTE SCHENKEN [\/vc_column_text][\/vc_column][\/vc_row][vc_row full_width=\"stretch_row_content_no_spaces\" content_placement=\"middle\" el_class=\"set_RL_10Padding set_TB_XLMargin curve_sibling_top\"][vc_column width=\"1\/2\" el_class=\"pr-md-5\"][vc_column_text el_class=\"font_blue mt-4\"]Bald ist es m\u00f6glich, Erlebnisse in&hellip;<\/p>\n","protected":false},"author":1,"featured_media":0,"parent":0,"menu_order":0,"comment_status":"closed","ping_status":"closed","template":"templates\/no-sidebar.php","meta":{"footnotes":""},"class_list":["post-320","page","type-page","status-publish","hentry","entry","no-media"],"_links":{"self":[{"href":"https:\/\/my-pxmedia.de\/hafen-restaurant\/wp-json\/wp\/v2\/pages\/320","targetHints":{"allow":["GET"]}}],"collection":[{"href":"https:\/\/my-pxmedia.de\/hafen-restaurant\/wp-json\/wp\/v2\/pages"}],"about":[{"href":"https:\/\/my-pxmedia.de\/hafen-restaurant\/wp-json\/wp\/v2\/types\/page"}],"author":[{"embeddable":true,"href":"https:\/\/my-pxmedia.de\/hafen-restaurant\/wp-json\/wp\/v2\/users\/1"}],"replies":[{"embeddable":true,"href":"https:\/\/my-pxmedia.de\/hafen-restaurant\/wp-json\/wp\/v2\/comments?post=320"}],"version-history":[{"count":35,"href":"https:\/\/my-pxmedia.de\/hafen-restaurant\/wp-json\/wp\/v2\/pages\/320\/revisions"}],"predecessor-version":[{"id":1424,"href":"https:\/\/my-pxmedia.de\/hafen-restaurant\/wp-json\/wp\/v2\/pages\/320\/revisions\/1424"}],"wp:attachment":[{"href":"https:\/\/my-pxmedia.de\/hafen-restaurant\/wp-json\/wp\/v2\/media?parent=320"}],"curies":[{"name":"wp","href":"https:\/\/api.w.org\/{rel}","templated":true}]}}